{"id":1481,"date":"2022-07-29T06:54:29","date_gmt":"2022-07-29T06:54:29","guid":{"rendered":"https:\/\/forum-cs.de\/?page_id=1481"},"modified":"2026-01-01T15:58:54","modified_gmt":"2026-01-01T15:58:54","slug":"familienberatung","status":"publish","type":"page","link":"https:\/\/forum-cs.de\/?page_id=1481","title":{"rendered":"Familienberatung"},"content":{"rendered":"<p>[et_pb_section fb_built=&#8220;1&#8243; custom_padding_last_edited=&#8220;on|desktop&#8220; admin_label=&#8220;section&#8220; module_id=&#8220;start&#8220; _builder_version=&#8220;4.16&#8243; custom_padding=&#8220;|||&#8220; custom_padding_tablet=&#8220;50px|0|50px|0&#8243; custom_padding_phone=&#8220;&#8220; transparent_background=&#8220;off&#8220; padding_mobile=&#8220;off&#8220; make_fullwidth=&#8220;off&#8220; use_custom_width=&#8220;off&#8220; width_unit=&#8220;on&#8220; global_colors_info=&#8220;{}&#8220;][et_pb_row padding_mobile=&#8220;on&#8220; column_padding_mobile=&#8220;on&#8220; admin_label=&#8220;row&#8220; _builder_version=&#8220;4.17.3&#8243; background_size=&#8220;initial&#8220; background_position=&#8220;top_left&#8220; background_repeat=&#8220;repeat&#8220; custom_margin=&#8220;-50px||||false|false&#8220; custom_padding=&#8220;100px|50px&#8220; make_fullwidth=&#8220;off&#8220; use_custom_width=&#8220;off&#8220; width_unit=&#8220;on&#8220; global_colors_info=&#8220;{}&#8220;][et_pb_column type=&#8220;4_4&#8243; _builder_version=&#8220;4.16&#8243; custom_padding=&#8220;|||&#8220; global_colors_info=&#8220;{}&#8220; custom_padding__hover=&#8220;|||&#8220;][et_pb_text admin_label=&#8220;Text&#8220; _builder_version=&#8220;4.17.3&#8243; text_font_size=&#8220;18&#8243; text_line_height=&#8220;2em&#8220; background_size=&#8220;initial&#8220; background_position=&#8220;top_left&#8220; background_repeat=&#8220;repeat&#8220; text_orientation=&#8220;center&#8220; max_width=&#8220;70%&#8220; module_alignment=&#8220;center&#8220; use_border_color=&#8220;off&#8220; border_color=&#8220;#ffffff&#8220; border_style=&#8220;solid&#8220; global_colors_info=&#8220;{}&#8220;]<\/p>\n<h2 style=\"text-align: left;\"><strong>Familienberatung<\/strong><\/h2>\n<p>[\/et_pb_text][et_pb_blurb icon_alignment=&#8220;left&#8220; content_max_width=&#8220;421px&#8220; _builder_version=&#8220;4.17.3&#8243; _module_preset=&#8220;default&#8220; max_width=&#8220;100%&#8220; link_option_url_new_window=&#8220;on&#8220; hover_enabled=&#8220;0&#8243; box_shadow_blur_image=&#8220;5px&#8220; global_colors_info=&#8220;{}&#8220; use_icon=&#8220;on&#8220; sticky_enabled=&#8220;0&#8243;]<\/p>\n<p style=\"text-align: left; line-height: 1.8;\">Familien suchen in ihrem Zusammenleben eine Art Balance miteinander.<\/p>\n<p style=\"text-align: left; line-height: 1.8;\">Dies bedeutet, dass Symptome Einzelner \u2013 oft der Kinder \u2013\u00a0 bereits\u00a0 Versuche sind, die Familie wieder ins Lot zu bringen.<\/p>\n<p style=\"text-align: left; line-height: 1.8;\">Wenn es den Familienmitgliedern gelingt, durch die Beratung zu anderen, konstruktiven L\u00f6sungen zu kommen, ist das Symptom Einzelner \u00fcberfl\u00fcssig und bildet sich zur\u00fcck.<\/p>\n<p style=\"text-align: justify; line-height: 1.8;\">Eine Sitzung \u00e0 50 min. kostet 115\u20ac netto.<\/p>\n<p style=\"text-align: justify; line-height: 1.8;\">Bei Interesse schreiben Sie gerne eine E-Mail an:<br \/>forum-cs@gmx.de<\/p>\n<p>&nbsp;<\/p>\n<p>[\/et_pb_blurb][\/et_pb_column][\/et_pb_row][\/et_pb_section]<\/p>\n","protected":false},"excerpt":{"rendered":"<p>FamilienberatungFamilien suchen in ihrem Zusammenleben eine Art Balance miteinander. Dies bedeutet, dass Symptome Einzelner \u2013 oft der Kinder \u2013\u00a0 bereits\u00a0 Versuche sind, die Familie wieder ins Lot zu bringen. Wenn es den Familienmitgliedern gelingt, durch die Beratung zu anderen, konstruktiven L\u00f6sungen zu kommen, ist das Symptom Einzelner \u00fcberfl\u00fcssig und bildet sich zur\u00fcck. Eine Sitzung \u00e0 [&hellip;]<\/p>\n","protected":false},"author":1,"featured_media":0,"parent":0,"menu_order":0,"comment_status":"closed","ping_status":"closed","template":"","meta":{"_et_pb_use_builder":"on","_et_pb_old_content":"","_et_gb_content_width":"","footnotes":""},"class_list":["post-1481","page","type-page","status-publish","hentry"],"_links":{"self":[{"href":"https:\/\/forum-cs.de\/index.php?rest_route=\/wp\/v2\/pages\/1481","targetHints":{"allow":["GET"]}}],"collection":[{"href":"https:\/\/forum-cs.de\/index.php?rest_route=\/wp\/v2\/pages"}],"about":[{"href":"https:\/\/forum-cs.de\/index.php?rest_route=\/wp\/v2\/types\/page"}],"author":[{"embeddable":true,"href":"https:\/\/forum-cs.de\/index.php?rest_route=\/wp\/v2\/users\/1"}],"replies":[{"embeddable":true,"href":"https:\/\/forum-cs.de\/index.php?rest_route=%2Fwp%2Fv2%2Fcomments&post=1481"}],"version-history":[{"count":6,"href":"https:\/\/forum-cs.de\/index.php?rest_route=\/wp\/v2\/pages\/1481\/revisions"}],"predecessor-version":[{"id":1638,"href":"https:\/\/forum-cs.de\/index.php?rest_route=\/wp\/v2\/pages\/1481\/revisions\/1638"}],"wp:attachment":[{"href":"https:\/\/forum-cs.de\/index.php?rest_route=%2Fwp%2Fv2%2Fmedia&parent=1481"}],"curies":[{"name":"wp","href":"https:\/\/api.w.org\/{rel}","templated":true}]}}